{"id":1801,"date":"2025-01-22T17:49:41","date_gmt":"2025-01-22T17:49:41","guid":{"rendered":"https:\/\/lfstudioeuropa.com\/?page_id=1801"},"modified":"2025-01-22T17:50:38","modified_gmt":"2025-01-22T17:50:38","slug":"informativa-privacy","status":"publish","type":"page","link":"https:\/\/lfstudioeuropa.com\/en\/informativa-privacy\/","title":{"rendered":"Informativa Privacy"},"content":{"rendered":"<div data-elementor-type=\"wp-page\" data-elementor-id=\"1801\" class=\"elementor elementor-1801\">\n\t\t\t\t<div class=\"elementor-element elementor-element-7128ad31 e-flex e-con-boxed e-con e-parent\" data-id=\"7128ad31\" data-element_type=\"container\">\n\t\t\t\t\t<div class=\"e-con-inner\">\n\t\t\t\t<div class=\"elementor-element elementor-element-55fa4e elementor-widget elementor-widget-text-editor\" data-id=\"55fa4e\" data-element_type=\"widget\" data-widget_type=\"text-editor.default\">\n\t\t\t\t<div class=\"elementor-widget-container\">\n\t\t\t\t\t\t\t\t\t\n<p><strong>INFORMATIVA SUL TRATTAMENTO DEI DATI PERSONALI<\/strong><\/p>\n\n<p><strong><em>(ai sensi dell\u2019art. 13 del Regolamento UE 27 aprile 2016, n. 679 in materia di protezione dei dati personali c.d. \u201cGDPR\u201d)<\/em><\/strong><\/p>\n\n<p>Gentile Utente,\u00a0\u00a0<\/p>\n\n<p>in conformit\u00e0 con i requisiti posti dal GDPR, il Titolare del trattamento Lorena Franceschetti ti fornisce le seguenti informazioni:<\/p>\n\n<p>Il titolare del Trattamento \u00e8 Lorena Franceschetti, e pu\u00f2 essere contattato via email ordinaria (info@lfstudioeuropa.com) o via PEC (lorena.franceschetti@postecert.it)<\/p>\n\n<p>Utilizzeremo i tuoi dati per la seguente finalit\u00e0: erogare servizi richiesti (avere un primo contatto telematico, richiesto attraverso il modulo di contatto). Ti informiamo che il conferimento dei tuoi dati personali per tale finalit\u00e0 \u00e8 facoltativo ma necessario: il mancato conferimento degli stessi impedir\u00e0 al Titolare del trattamento di rispondere alla tua richiesta.\u00a0<\/p>\n\n<p>I dati personali saranno trattati per il tempo strettamente necessario a raggiungere la finalit\u00e0 per la quale sono stati raccolti.<\/p>\n\n<p>Ti informiamo che hai diritto, in qualunque momento, di richiedere al Titolare del trattamento l\u2019accesso, la rettifica e la cancellazione dei tuoi dati personali. Tali richieste devono essere rivolte al Titolare del trattamento, reperibile al seguente indirizzo PEC lorena.franceschetti@postecert.it<\/p>\n\n<p>\u00a0<\/p>\n\n<p>Ti ricordiamo, inoltre, che hai diritto a proporre\u00a0reclamo dinanzi ad un\u2019Autorit\u00e0 di controllo (ad esempio, il Garante per la protezione dei dati personali) qualora ritenessi che il trattamento dei tuoi dati personali sia contrario alla normativa in vigore.\u00a0<\/p>\n\n<p><em>L&#8217;informativa privacy pu\u00f2 variare e sar\u00e0 aggiornata alle disposizioni di legge vigente. Tali variazioni saranno pubblicate sul sitoweb.<\/em><\/p>\n\n<p>\u00a0<\/p>\n\t\t\t\t\t\t\t\t<\/div>\n\t\t\t\t<\/div>\n\t\t\t\t\t<\/div>\n\t\t\t\t<\/div>\n\t\t\t\t<\/div>","protected":false},"excerpt":{"rendered":"<p>INFORMATIVA SUL TRATTAMENTO DEI DATI PERSONALI (ai sensi dell\u2019art. 13 del Regolamento UE 27 aprile 2016, n. 679 in materia di protezione dei dati personali c.d. \u201cGDPR\u201d) Gentile Utente,\u00a0\u00a0 in conformit\u00e0 con i requisiti posti dal GDPR, il Titolare del trattamento Lorena Franceschetti ti fornisce le seguenti informazioni: Il titolare del Trattamento \u00e8 Lorena Franceschetti, [&hellip;]<\/p>","protected":false},"author":1,"featured_media":0,"parent":0,"menu_order":0,"comment_status":"closed","ping_status":"closed","template":"","meta":{"saved_in_kubio":false,"footnotes":""},"class_list":["post-1801","page","type-page","status-publish","hentry"],"kubio_ai_page_context":{"short_desc":"","purpose":"general"},"_links":{"self":[{"href":"https:\/\/lfstudioeuropa.com\/en\/wp-json\/wp\/v2\/pages\/1801","targetHints":{"allow":["GET"]}}],"collection":[{"href":"https:\/\/lfstudioeuropa.com\/en\/wp-json\/wp\/v2\/pages"}],"about":[{"href":"https:\/\/lfstudioeuropa.com\/en\/wp-json\/wp\/v2\/types\/page"}],"author":[{"embeddable":true,"href":"https:\/\/lfstudioeuropa.com\/en\/wp-json\/wp\/v2\/users\/1"}],"replies":[{"embeddable":true,"href":"https:\/\/lfstudioeuropa.com\/en\/wp-json\/wp\/v2\/comments?post=1801"}],"version-history":[{"count":4,"href":"https:\/\/lfstudioeuropa.com\/en\/wp-json\/wp\/v2\/pages\/1801\/revisions"}],"predecessor-version":[{"id":1805,"href":"https:\/\/lfstudioeuropa.com\/en\/wp-json\/wp\/v2\/pages\/1801\/revisions\/1805"}],"wp:attachment":[{"href":"https:\/\/lfstudioeuropa.com\/en\/wp-json\/wp\/v2\/media?parent=1801"}],"curies":[{"name":"wp","href":"https:\/\/api.w.org\/{rel}","templated":true}]}}